{"id":3148,"date":"2024-11-28T18:33:17","date_gmt":"2024-11-28T17:33:17","guid":{"rendered":"https:\/\/takladia-omigna.com\/datenschutzrichtlinie\/"},"modified":"2024-12-30T09:23:58","modified_gmt":"2024-12-30T08:23:58","slug":"datenschutzrichtlinie","status":"publish","type":"page","link":"https:\/\/takladia-omigna.com\/de\/datenschutzrichtlinie\/","title":{"rendered":"Datenschutzrichtlinie"},"content":{"rendered":"\t\t<div data-elementor-type=\"wp-page\" data-elementor-id=\"3148\" class=\"elementor elementor-3148 elementor-1076\" data-elementor-post-type=\"page\">\n\t\t\t\t<div class=\"elementor-element elementor-element-2aa737c1 e-flex e-con-boxed e-con e-parent\" data-id=\"2aa737c1\" data-element_type=\"container\" data-e-type=\"container\" data-settings=\"{&quot;background_background&quot;:&quot;classic&quot;}\">\n\t\t\t\t\t<div class=\"e-con-inner\">\n\t\t\t\t<div class=\"elementor-element elementor-element-4514faa elementor-widget elementor-widget-image\" data-id=\"4514faa\" data-element_type=\"widget\" data-e-type=\"widget\" data-widget_type=\"image.default\">\n\t\t\t\t<div class=\"elementor-widget-container\">\n\t\t\t\t\t\t\t\t\t\t\t\t<figure class=\"wp-caption\">\n\t\t\t\t\t\t\t\t\t\t\t<a href=\"https:\/\/takladia-omigna.com\/de\/\">\n\t\t\t\t\t\t\t<img fetchpriority=\"high\" decoding=\"async\" width=\"800\" height=\"1016\" src=\"https:\/\/takladia-omigna.com\/wp-content\/uploads\/2024\/11\/logo_Takladia-Omigna_White.svg\" class=\"attachment-large size-large wp-image-3632\" alt=\"Takladia Omigna\" \/>\t\t\t\t\t\t\t\t<\/a>\n\t\t\t\t\t\t\t\t\t\t\t<figcaption class=\"widget-image-caption wp-caption-text\"><\/figcaption>\n\t\t\t\t\t\t\t\t\t\t<\/figure>\n\t\t\t\t\t\t\t\t\t<\/div>\n\t\t\t\t<\/div>\n\t\t\t\t\t<\/div>\n\t\t\t\t<\/div>\n\t\t<div class=\"elementor-element elementor-element-7870eab7 e-flex e-con-boxed e-con e-parent\" data-id=\"7870eab7\" data-element_type=\"container\" data-e-type=\"container\">\n\t\t\t\t\t<div class=\"e-con-inner\">\n\t\t\t\t<div class=\"elementor-element elementor-element-44f4149a elementor-widget elementor-widget-heading\" data-id=\"44f4149a\" data-element_type=\"widget\" data-e-type=\"widget\" data-widget_type=\"heading.default\">\n\t\t\t\t<div class=\"elementor-widget-container\">\n\t\t\t\t\t<h1 class=\"elementor-heading-title elementor-size-default\">Datenschutzrichtlinie<\/h1>\t\t\t\t<\/div>\n\t\t\t\t<\/div>\n\t\t\t\t\t<\/div>\n\t\t\t\t<\/div>\n\t\t<div class=\"elementor-element elementor-element-35f0ad85 e-flex e-con-boxed e-con e-parent\" data-id=\"35f0ad85\" data-element_type=\"container\" data-e-type=\"container\">\n\t\t\t\t\t<div class=\"e-con-inner\">\n\t\t<div class=\"elementor-element elementor-element-4299ef22 e-con-full e-flex e-con e-child\" data-id=\"4299ef22\" data-element_type=\"container\" data-e-type=\"container\">\n\t\t\t\t<div class=\"elementor-element elementor-element-19a4283e elementor-widget elementor-widget-text-editor\" data-id=\"19a4283e\" data-element_type=\"widget\" data-e-type=\"widget\" data-widget_type=\"text-editor.default\">\n\t\t\t\t<div class=\"elementor-widget-container\">\n\t\t\t\t\t\t\t\t\t<p>Der Schutz Ihrer Privatsph\u00e4re ist uns sehr wichtig. Im Folgenden werden wir Ihnen einen detaillierten Bericht dar\u00fcber geben, wie wir Ihre Daten verarbeiten. <\/p>\n<h4>Erwerb, Verarbeitung und Nutzung pers\u00f6nlicher Daten<\/h4>\n<p>Sie k\u00f6nnen unsere Website besuchen, ohne pers\u00f6nliche Daten einzugeben. Wir speichern lediglich Zugriffsdaten zur Analyse und Verbesserung unserer Angebote und gew\u00e4hren keinen Zugriff auf Ihre Informationen. Pers\u00f6nliche Daten werden erfasst, wenn Sie uns diese freiwillig bei einer Informationsanfrage \u00fcber das Kontaktformular zur Verf\u00fcgung stellen.  <\/p>\n<h4>Verteilung Ihrer pers\u00f6nlichen Informationen<\/h4>\n<p>Ihre pers\u00f6nlichen Daten werden nicht an Dritte weitergegeben.<\/p>\n<h4>Recht auf Information<\/h4>\n<p>Sie haben das Recht auf unentgeltliche Auskunft (per E-Mail) \u00fcber Ihre pers\u00f6nlichen Daten und deren Speicherung sowie das Recht, erteilte Einwilligungen zu korrigieren, zu sperren, aufzuheben oder zu widerrufen. Bitte kontaktieren Sie: TA KLADIA OMIGNA,&#8230;Adresse. eMail: <a href=\"https:\/\/ellada.studiowmi.com\/contact\">\u00dcber das Kontaktformular<\/a>.  <\/p>\n<h4>Die Verwendung von Cookies<\/h4>\n<p>Wir verwenden auf verschiedenen Websites Cookies, um die Attraktivit\u00e4t unserer Website zu verbessern und die Nutzung bestimmter Funktionen zu erm\u00f6glichen. Cookies sind einfache Textdateien, die auf Ihrem Computer gespeichert werden. Sie helfen dabei, einen Nutzer und sein Verhalten zu identifizieren und erm\u00f6glichen es, seine Interessen gezielt anzusprechen. Die meisten der von uns verwendeten Cookies werden von Ihrer Festplatte gel\u00f6scht, nachdem Sie Ihre Browser-Sitzung beendet haben (z.B. Sitzungs-Cookies). Andere Cookies verbleiben auf Ihrem Computer und erm\u00f6glichen es uns, Ihren Computer bei Ihrem n\u00e4chsten Besuch wieder zu erkennen (z.B. permanente Cookies). Diese Cookies merken sich die Informationen, so dass Sie Ihre Informationen nicht erneut in das Formular eingeben m\u00fcssen. Unsere Partnerorganisationen sind nicht berechtigt, personenbezogene Daten durch die Verwendung von Cookies auf unserer Website zu gewinnen, zu ver\u00e4ndern oder zu verwenden.      <\/p>\n<h4>Von Google erstellte Empfehlungen<\/h4>\n<p>Auf dieser Website verwenden wir Technologien von Google Inc., um anonyme Informationen \u00fcber das Surfverhalten unserer Besucher f\u00fcr Marketingzwecke zu sammeln und zu speichern. Diese Daten werden unter Verwendung von &#8222;Cookie&#8220;-Textdateien auf Ihrem Computer gespeichert. In keinem Fall werden diese Daten verwendet, um einen Nutzer dieser Website pers\u00f6nlich zu identifizieren.  <\/p>\n<h4>Website-Analyse<\/h4>\n<p>Um ein ma\u00dfgeschneidertes Erscheinungsbild zu bieten und diese Website zu optimieren, werden durch den Einsatz von Google Tag Manager L\u00f6sungen und Technologien anonyme Daten gesammelt und gespeichert. Diese Daten werden dann zur Erstellung von Nutzungsprofilen unter Verwendung von Pseudonymen verwendet. Cookies k\u00f6nnen verwendet werden, um sicherzustellen, dass Ihr Internetbrowser bei einem sp\u00e4teren Besuch wieder erkannt wird. Die Nutzungsprofile werden nicht mit dem Besucher oder mit den Daten der Person, die ein Pseudonym verwendet, in Verbindung gebracht, es sei denn, dies wird ausdr\u00fccklich erlaubt. Insbesondere werden IP-Adressen sofort nach der Nutzung unkenntlich gemacht, was es unm\u00f6glich macht, Nutzungsprofile f\u00fcr IP-Adressen zu erstellen.    <\/p>\n<h4>Nutzung von Google Analytics<\/h4>\n<p>Diese Website benutzt Google Analytics, einen Webanalysedienst der Google Inc. (&#8222;Google&#8220;). Google Analytics verwendet Cookies in Form von Textdateien, die auf Ihrem Computer gespeichert werden, um eine Analyse der Benutzung der Website durch Sie zu erm\u00f6glichen. Die Informationen \u00fcber Ihre Nutzung der Website (einschlie\u00dflich Ihrer IP-Adresse) werden an einen Server von Google in den Vereinigten Staaten von Amerika gesendet und dort gespeichert. Google wird diese Informationen verwenden, um Ihre Nutzung der Website zu analysieren, um Berichte \u00fcber den Website-Verkehr f\u00fcr Werbetreibende und f\u00fcr andere Dienstleistungen im Zusammenhang mit der Website und der Internetnutzung zu erstellen. Unter bestimmten Umst\u00e4nden kann Google diese Informationen an Dritte weitergeben, sofern dies gesetzlich vorgeschrieben oder f\u00fcr die Verarbeitung dieser Informationen durch Dritte im Auftrag von Google erforderlich ist. Google wird in keinem Fall Ihre IP-Adresse mit anderen von Google erfassten Informationen in Verbindung bringen. Sie k\u00f6nnen die Installation der Cookies durch eine entsprechende Einstellung Ihrer Browser Software verhindern; wir weisen Sie jedoch darauf hin, dass Sie in diesem Fall gegebenenfalls nicht s\u00e4mtliche Funktionen dieser Website voll umf\u00e4nglich nutzen k\u00f6nnen. Durch die Nutzung unserer Website erkl\u00e4ren Sie sich mit der Bearbeitung der \u00fcber Sie erhobenen Daten durch Google in der zuvor beschriebenen Art und Weise und zu dem zuvor benannten Zweck einverstanden. Die zuk\u00fcnftige Nutzung und Speicherung der Daten durch Google Analytics kann jederzeit widerrufen werden, indem ein Add-on zur Deaktivierung von Google Analytics heruntergeladen und in Ihrem Browser installiert wird. Das Deaktivierungs-Add-on finden Sie hier: <a href=\"http:\/\/tools.google.com\/dlpage\/gaoptout?hl=fr\" target=\"_blank\" rel=\"noopener noreferrer\">http:\/\/tools.google.com\/dlpage\/gaoptout?hl=fr<\/a>          <\/p>\n\t\t\t\t\t\t\t\t<\/div>\n\t\t\t\t<\/div>\n\t\t\t\t<\/div>\n\t\t\t\t\t<\/div>\n\t\t\t\t<\/div>\n\t\t\t\t<\/div>\n\t\t","protected":false},"excerpt":{"rendered":"<p>Der Schutz Ihrer Privatsph\u00e4re ist uns sehr wichtig. Im Folgenden werden wir Ihnen einen detaillierten Bericht dar\u00fcber geben, wie wir Ihre Daten verarbeiten. Erwerb, Verarbeitung und Nutzung pers\u00f6nlicher Daten Sie k\u00f6nnen unsere Website besuchen, ohne pers\u00f6nliche Daten einzugeben. Wir speichern lediglich Zugriffsdaten zur Analyse und Verbesserung unserer Angebote und gew\u00e4hren keinen Zugriff auf Ihre Informationen. [&hellip;]<\/p>\n","protected":false},"author":2,"featured_media":0,"parent":0,"menu_order":0,"comment_status":"closed","ping_status":"closed","template":"elementor_header_footer","meta":{"_acf_changed":false,"inline_featured_image":false,"footnotes":""},"class_list":["post-3148","page","type-page","status-publish","hentry"],"acf":[],"yoast_head":"<!-- This site is optimized with the Yoast SEO plugin v27.3 - https:\/\/yoast.com\/product\/yoast-seo-wordpress\/ -->\n<title>Datenschutzrichtlinie | H\u00f4tel R\u00e9sidence Takladia Omigna<\/title>\n<meta name=\"description\" content=\"Datenschutzrichtlinie, Cookie-Management, DSGVO...\" \/>\n<meta name=\"robots\" content=\"index, follow, max-snippet:-1, max-image-preview:large, max-video-preview:-1\" \/>\n<link rel=\"canonical\" href=\"https:\/\/takladia-omigna.com\/de\/datenschutzrichtlinie\/\" \/>\n<meta property=\"og:locale\" content=\"de_DE\" \/>\n<meta property=\"og:type\" content=\"article\" \/>\n<meta property=\"og:title\" content=\"Datenschutzrichtlinie | H\u00f4tel R\u00e9sidence Takladia Omigna\" \/>\n<meta property=\"og:description\" content=\"Datenschutzrichtlinie, Cookie-Management, DSGVO...\" \/>\n<meta property=\"og:url\" content=\"https:\/\/takladia-omigna.com\/de\/datenschutzrichtlinie\/\" \/>\n<meta property=\"og:site_name\" content=\"H\u00f4tel R\u00e9sidence Takladia Omigna\" \/>\n<meta property=\"article:publisher\" content=\"https:\/\/www.facebook.com\/TaKladia.Omigna.Cargese\/\" \/>\n<meta property=\"article:modified_time\" content=\"2024-12-30T08:23:58+00:00\" \/>\n<meta property=\"og:image\" content=\"https:\/\/takladia-omigna.com\/wp-content\/uploads\/2024\/11\/location-appartement-corse.webp\" \/>\n\t<meta property=\"og:image:width\" content=\"2000\" \/>\n\t<meta property=\"og:image:height\" content=\"1500\" \/>\n\t<meta property=\"og:image:type\" content=\"image\/webp\" \/>\n<meta name=\"twitter:card\" content=\"summary_large_image\" \/>\n<meta name=\"twitter:label1\" content=\"Gesch\u00e4tzte Lesezeit\" \/>\n\t<meta name=\"twitter:data1\" content=\"4\u00a0Minute\" \/>\n<script type=\"application\/ld+json\" class=\"yoast-schema-graph\">{\"@context\":\"https:\\\/\\\/schema.org\",\"@graph\":[{\"@type\":\"WebPage\",\"@id\":\"https:\\\/\\\/takladia-omigna.com\\\/de\\\/datenschutzrichtlinie\\\/\",\"url\":\"https:\\\/\\\/takladia-omigna.com\\\/de\\\/datenschutzrichtlinie\\\/\",\"name\":\"Datenschutzrichtlinie | H\u00f4tel R\u00e9sidence Takladia Omigna\",\"isPartOf\":{\"@id\":\"https:\\\/\\\/takladia-omigna.com\\\/de\\\/#website\"},\"primaryImageOfPage\":{\"@id\":\"https:\\\/\\\/takladia-omigna.com\\\/de\\\/datenschutzrichtlinie\\\/#primaryimage\"},\"image\":{\"@id\":\"https:\\\/\\\/takladia-omigna.com\\\/de\\\/datenschutzrichtlinie\\\/#primaryimage\"},\"thumbnailUrl\":\"https:\\\/\\\/takladia-omigna.com\\\/wp-content\\\/uploads\\\/2024\\\/11\\\/logo_Takladia-Omigna_White.svg\",\"datePublished\":\"2024-11-28T17:33:17+00:00\",\"dateModified\":\"2024-12-30T08:23:58+00:00\",\"description\":\"Datenschutzrichtlinie, Cookie-Management, DSGVO...\",\"breadcrumb\":{\"@id\":\"https:\\\/\\\/takladia-omigna.com\\\/de\\\/datenschutzrichtlinie\\\/#breadcrumb\"},\"inLanguage\":\"de\",\"potentialAction\":[{\"@type\":\"ReadAction\",\"target\":[\"https:\\\/\\\/takladia-omigna.com\\\/de\\\/datenschutzrichtlinie\\\/\"]}]},{\"@type\":\"ImageObject\",\"inLanguage\":\"de\",\"@id\":\"https:\\\/\\\/takladia-omigna.com\\\/de\\\/datenschutzrichtlinie\\\/#primaryimage\",\"url\":\"https:\\\/\\\/takladia-omigna.com\\\/wp-content\\\/uploads\\\/2024\\\/11\\\/logo_Takladia-Omigna_White.svg\",\"contentUrl\":\"https:\\\/\\\/takladia-omigna.com\\\/wp-content\\\/uploads\\\/2024\\\/11\\\/logo_Takladia-Omigna_White.svg\"},{\"@type\":\"BreadcrumbList\",\"@id\":\"https:\\\/\\\/takladia-omigna.com\\\/de\\\/datenschutzrichtlinie\\\/#breadcrumb\",\"itemListElement\":[{\"@type\":\"ListItem\",\"position\":1,\"name\":\"Accueil\",\"item\":\"https:\\\/\\\/takladia-omigna.com\\\/de\\\/\"},{\"@type\":\"ListItem\",\"position\":2,\"name\":\"Datenschutzrichtlinie\"}]},{\"@type\":\"WebSite\",\"@id\":\"https:\\\/\\\/takladia-omigna.com\\\/de\\\/#website\",\"url\":\"https:\\\/\\\/takladia-omigna.com\\\/de\\\/\",\"name\":\"H\u00f4tel R\u00e9sidence Takladia Omigna\",\"description\":\"Locations de vacances \u00e0 Carg\u00e8se - Corse\",\"publisher\":{\"@id\":\"https:\\\/\\\/takladia-omigna.com\\\/de\\\/#organization\"},\"alternateName\":\"Takladia Omigna\",\"potentialAction\":[{\"@type\":\"SearchAction\",\"target\":{\"@type\":\"EntryPoint\",\"urlTemplate\":\"https:\\\/\\\/takladia-omigna.com\\\/de\\\/?s={search_term_string}\"},\"query-input\":{\"@type\":\"PropertyValueSpecification\",\"valueRequired\":true,\"valueName\":\"search_term_string\"}}],\"inLanguage\":\"de\"},{\"@type\":\"Organization\",\"@id\":\"https:\\\/\\\/takladia-omigna.com\\\/de\\\/#organization\",\"name\":\"Takladia Omigna\",\"url\":\"https:\\\/\\\/takladia-omigna.com\\\/de\\\/\",\"logo\":{\"@type\":\"ImageObject\",\"inLanguage\":\"de\",\"@id\":\"https:\\\/\\\/takladia-omigna.com\\\/de\\\/#\\\/schema\\\/logo\\\/image\\\/\",\"url\":\"https:\\\/\\\/takladia-omigna.com\\\/wp-content\\\/uploads\\\/2024\\\/11\\\/logo_Takladia-Omigna_RVB.svg\",\"contentUrl\":\"https:\\\/\\\/takladia-omigna.com\\\/wp-content\\\/uploads\\\/2024\\\/11\\\/logo_Takladia-Omigna_RVB.svg\",\"width\":194,\"height\":251,\"caption\":\"Takladia Omigna\"},\"image\":{\"@id\":\"https:\\\/\\\/takladia-omigna.com\\\/de\\\/#\\\/schema\\\/logo\\\/image\\\/\"},\"sameAs\":[\"https:\\\/\\\/www.facebook.com\\\/TaKladia.Omigna.Cargese\\\/\",\"https:\\\/\\\/www.instagram.com\\\/takladia_omigna_cargese\\\/\"]}]}<\/script>\n<!-- \/ Yoast SEO plugin. -->","yoast_head_json":{"title":"Datenschutzrichtlinie | H\u00f4tel R\u00e9sidence Takladia Omigna","description":"Datenschutzrichtlinie, Cookie-Management, DSGVO...","robots":{"index":"index","follow":"follow","max-snippet":"max-snippet:-1","max-image-preview":"max-image-preview:large","max-video-preview":"max-video-preview:-1"},"canonical":"https:\/\/takladia-omigna.com\/de\/datenschutzrichtlinie\/","og_locale":"de_DE","og_type":"article","og_title":"Datenschutzrichtlinie | H\u00f4tel R\u00e9sidence Takladia Omigna","og_description":"Datenschutzrichtlinie, Cookie-Management, DSGVO...","og_url":"https:\/\/takladia-omigna.com\/de\/datenschutzrichtlinie\/","og_site_name":"H\u00f4tel R\u00e9sidence Takladia Omigna","article_publisher":"https:\/\/www.facebook.com\/TaKladia.Omigna.Cargese\/","article_modified_time":"2024-12-30T08:23:58+00:00","og_image":[{"width":2000,"height":1500,"url":"https:\/\/takladia-omigna.com\/wp-content\/uploads\/2024\/11\/location-appartement-corse.webp","type":"image\/webp"}],"twitter_card":"summary_large_image","twitter_misc":{"Gesch\u00e4tzte Lesezeit":"4\u00a0Minute"},"schema":{"@context":"https:\/\/schema.org","@graph":[{"@type":"WebPage","@id":"https:\/\/takladia-omigna.com\/de\/datenschutzrichtlinie\/","url":"https:\/\/takladia-omigna.com\/de\/datenschutzrichtlinie\/","name":"Datenschutzrichtlinie | H\u00f4tel R\u00e9sidence Takladia Omigna","isPartOf":{"@id":"https:\/\/takladia-omigna.com\/de\/#website"},"primaryImageOfPage":{"@id":"https:\/\/takladia-omigna.com\/de\/datenschutzrichtlinie\/#primaryimage"},"image":{"@id":"https:\/\/takladia-omigna.com\/de\/datenschutzrichtlinie\/#primaryimage"},"thumbnailUrl":"https:\/\/takladia-omigna.com\/wp-content\/uploads\/2024\/11\/logo_Takladia-Omigna_White.svg","datePublished":"2024-11-28T17:33:17+00:00","dateModified":"2024-12-30T08:23:58+00:00","description":"Datenschutzrichtlinie, Cookie-Management, DSGVO...","breadcrumb":{"@id":"https:\/\/takladia-omigna.com\/de\/datenschutzrichtlinie\/#breadcrumb"},"inLanguage":"de","potentialAction":[{"@type":"ReadAction","target":["https:\/\/takladia-omigna.com\/de\/datenschutzrichtlinie\/"]}]},{"@type":"ImageObject","inLanguage":"de","@id":"https:\/\/takladia-omigna.com\/de\/datenschutzrichtlinie\/#primaryimage","url":"https:\/\/takladia-omigna.com\/wp-content\/uploads\/2024\/11\/logo_Takladia-Omigna_White.svg","contentUrl":"https:\/\/takladia-omigna.com\/wp-content\/uploads\/2024\/11\/logo_Takladia-Omigna_White.svg"},{"@type":"BreadcrumbList","@id":"https:\/\/takladia-omigna.com\/de\/datenschutzrichtlinie\/#breadcrumb","itemListElement":[{"@type":"ListItem","position":1,"name":"Accueil","item":"https:\/\/takladia-omigna.com\/de\/"},{"@type":"ListItem","position":2,"name":"Datenschutzrichtlinie"}]},{"@type":"WebSite","@id":"https:\/\/takladia-omigna.com\/de\/#website","url":"https:\/\/takladia-omigna.com\/de\/","name":"H\u00f4tel R\u00e9sidence Takladia Omigna","description":"Locations de vacances \u00e0 Carg\u00e8se - Corse","publisher":{"@id":"https:\/\/takladia-omigna.com\/de\/#organization"},"alternateName":"Takladia Omigna","potentialAction":[{"@type":"SearchAction","target":{"@type":"EntryPoint","urlTemplate":"https:\/\/takladia-omigna.com\/de\/?s={search_term_string}"},"query-input":{"@type":"PropertyValueSpecification","valueRequired":true,"valueName":"search_term_string"}}],"inLanguage":"de"},{"@type":"Organization","@id":"https:\/\/takladia-omigna.com\/de\/#organization","name":"Takladia Omigna","url":"https:\/\/takladia-omigna.com\/de\/","logo":{"@type":"ImageObject","inLanguage":"de","@id":"https:\/\/takladia-omigna.com\/de\/#\/schema\/logo\/image\/","url":"https:\/\/takladia-omigna.com\/wp-content\/uploads\/2024\/11\/logo_Takladia-Omigna_RVB.svg","contentUrl":"https:\/\/takladia-omigna.com\/wp-content\/uploads\/2024\/11\/logo_Takladia-Omigna_RVB.svg","width":194,"height":251,"caption":"Takladia Omigna"},"image":{"@id":"https:\/\/takladia-omigna.com\/de\/#\/schema\/logo\/image\/"},"sameAs":["https:\/\/www.facebook.com\/TaKladia.Omigna.Cargese\/","https:\/\/www.instagram.com\/takladia_omigna_cargese\/"]}]}},"_links":{"self":[{"href":"https:\/\/takladia-omigna.com\/de\/wp-json\/wp\/v2\/pages\/3148","targetHints":{"allow":["GET"]}}],"collection":[{"href":"https:\/\/takladia-omigna.com\/de\/wp-json\/wp\/v2\/pages"}],"about":[{"href":"https:\/\/takladia-omigna.com\/de\/wp-json\/wp\/v2\/types\/page"}],"author":[{"embeddable":true,"href":"https:\/\/takladia-omigna.com\/de\/wp-json\/wp\/v2\/users\/2"}],"replies":[{"embeddable":true,"href":"https:\/\/takladia-omigna.com\/de\/wp-json\/wp\/v2\/comments?post=3148"}],"version-history":[{"count":1,"href":"https:\/\/takladia-omigna.com\/de\/wp-json\/wp\/v2\/pages\/3148\/revisions"}],"predecessor-version":[{"id":3164,"href":"https:\/\/takladia-omigna.com\/de\/wp-json\/wp\/v2\/pages\/3148\/revisions\/3164"}],"wp:attachment":[{"href":"https:\/\/takladia-omigna.com\/de\/wp-json\/wp\/v2\/media?parent=3148"}],"curies":[{"name":"wp","href":"https:\/\/api.w.org\/{rel}","templated":true}]}}