{"id":3332,"date":"2024-11-29T16:24:49","date_gmt":"2024-11-29T15:24:49","guid":{"rendered":"https:\/\/takladia-omigna.com\/allgemeine-geschaeftsbedingungen\/"},"modified":"2024-12-30T09:25:05","modified_gmt":"2024-12-30T08:25:05","slug":"allgemeine-geschaeftsbedingungen","status":"publish","type":"page","link":"https:\/\/takladia-omigna.com\/de\/allgemeine-geschaeftsbedingungen\/","title":{"rendered":"Allgemeine Gesch\u00e4ftsbedingungen"},"content":{"rendered":"\t\t<div data-elementor-type=\"wp-page\" data-elementor-id=\"3332\" class=\"elementor elementor-3332 elementor-1435\" data-elementor-post-type=\"page\">\n\t\t\t\t<div class=\"elementor-element elementor-element-30f348ef e-flex e-con-boxed e-con e-parent\" data-id=\"30f348ef\" data-element_type=\"container\" data-e-type=\"container\" data-settings=\"{&quot;background_background&quot;:&quot;classic&quot;,&quot;background_motion_fx_translateY_direction&quot;:&quot;negative&quot;,&quot;background_motion_fx_motion_fx_scrolling&quot;:&quot;yes&quot;,&quot;background_motion_fx_translateY_effect&quot;:&quot;yes&quot;,&quot;background_motion_fx_translateY_speed&quot;:{&quot;unit&quot;:&quot;px&quot;,&quot;size&quot;:4,&quot;sizes&quot;:[]},&quot;background_motion_fx_translateY_affectedRange&quot;:{&quot;unit&quot;:&quot;%&quot;,&quot;size&quot;:&quot;&quot;,&quot;sizes&quot;:{&quot;start&quot;:0,&quot;end&quot;:100}},&quot;background_motion_fx_devices&quot;:[&quot;desktop&quot;,&quot;tablet&quot;,&quot;mobile&quot;]}\">\n\t\t\t\t\t<div class=\"e-con-inner\">\n\t\t\t\t<div class=\"elementor-element elementor-element-be45ceb elementor-widget elementor-widget-image\" data-id=\"be45ceb\" data-element_type=\"widget\" data-e-type=\"widget\" data-widget_type=\"image.default\">\n\t\t\t\t<div class=\"elementor-widget-container\">\n\t\t\t\t\t\t\t\t\t\t\t\t<figure class=\"wp-caption\">\n\t\t\t\t\t\t\t\t\t\t\t<a href=\"https:\/\/takladia-omigna.com\/de\/\">\n\t\t\t\t\t\t\t<img fetchpriority=\"high\" decoding=\"async\" width=\"800\" height=\"1016\" src=\"https:\/\/takladia-omigna.com\/wp-content\/uploads\/2024\/11\/logo_Takladia-Omigna_White.svg\" class=\"attachment-large size-large wp-image-3632\" alt=\"Takladia Omigna\" \/>\t\t\t\t\t\t\t\t<\/a>\n\t\t\t\t\t\t\t\t\t\t\t<figcaption class=\"widget-image-caption wp-caption-text\"><\/figcaption>\n\t\t\t\t\t\t\t\t\t\t<\/figure>\n\t\t\t\t\t\t\t\t\t<\/div>\n\t\t\t\t<\/div>\n\t\t\t\t\t<\/div>\n\t\t\t\t<\/div>\n\t\t<div class=\"elementor-element elementor-element-638c6cb0 e-flex e-con-boxed e-con e-parent\" data-id=\"638c6cb0\" data-element_type=\"container\" data-e-type=\"container\">\n\t\t\t\t\t<div class=\"e-con-inner\">\n\t\t\t\t<div class=\"elementor-element elementor-element-68d55788 elementor-widget__width-initial elementor-widget elementor-widget-heading\" data-id=\"68d55788\" data-element_type=\"widget\" data-e-type=\"widget\" data-widget_type=\"heading.default\">\n\t\t\t\t<div class=\"elementor-widget-container\">\n\t\t\t\t\t<h1 class=\"elementor-heading-title elementor-size-default\">Allgemeine Gesch\u00e4ftsbedingungen<\/h1>\t\t\t\t<\/div>\n\t\t\t\t<\/div>\n\t\t\t\t<div class=\"elementor-element elementor-element-46cf7308 elementor-widget elementor-widget-heading\" data-id=\"46cf7308\" data-element_type=\"widget\" data-e-type=\"widget\" data-widget_type=\"heading.default\">\n\t\t\t\t<div class=\"elementor-widget-container\">\n\t\t\t\t\t<h3 class=\"elementor-heading-title elementor-size-default\">Hotel Residence in Carg\u00e8se, S\u00fcdkorsika<\/h3>\t\t\t\t<\/div>\n\t\t\t\t<\/div>\n\t\t\t\t\t<\/div>\n\t\t\t\t<\/div>\n\t\t<div class=\"elementor-element elementor-element-6630679 e-flex e-con-boxed e-con e-parent\" data-id=\"6630679\" data-element_type=\"container\" data-e-type=\"container\">\n\t\t\t\t\t<div class=\"e-con-inner\">\n\t\t\t\t<div class=\"elementor-element elementor-element-42e72a3 elementor-widget elementor-widget-text-editor\" data-id=\"42e72a3\" data-element_type=\"widget\" data-e-type=\"widget\" data-widget_type=\"text-editor.default\">\n\t\t\t\t<div class=\"elementor-widget-container\">\n\t\t\t\t\t\t\t\t\t<p>Die vorliegenden AGB gelten f\u00fcr alle Buchungen, die beim Hotel Residence TA KLADIA OMIGNA vorgenommen werden. Jede<br \/>Buchung setzt die vorbehaltlose Annahme der AGB voraus. <\/p>\n<p>Eine Buchung gilt erst dann als best\u00e4tigt und garantiert, wenn die Anzahlung eingegangen ist und best\u00e4tigt wurde.<\/p>\n<p><strong>Anzahlung:<\/strong> 30% werden f\u00fcr den gesamten Aufenthalt verlangt.<\/p>\n<p>Restbetrag<strong>:<\/strong> Der Restbetrag muss bei der Ankunft bei der Schl\u00fcssel\u00fcbergabe bezahlt werden.<\/p>\n<p><strong>Kaution:<\/strong> 300 \u20ac per Scheck oder Kreditkarte.<\/p>\n<p><strong>Stornierung und R\u00fcckerstattung:<\/strong> Eine Buchung kann bis zu 30 Tage vor dem Ankunftsdatum storniert werden. Bei einer Stornierung von weniger als 30 Tagen, einer nicht stornierten Reservierung oder einer Nichtanreise wird die Anzahlung nicht zur\u00fcckerstattet. Akzeptierte Zahlungsarten: Bargeld, Schecks, Urlaubsschecks, Bankkarten (Visa, Eurocard au\u00dfer American Express).  <\/p>\n<p><strong>Ankunft:<\/strong> Die Studios stehen ab 17.00 Uhr zur Verf\u00fcgung. Bitte informieren Sie uns im Falle einer sp\u00e4teren Ankunft. <\/p>\n<p><strong>Abreise:<\/strong> Die Studios m\u00fcssen um 10.00 Uhr verlassen werden.<\/p>\n<p><strong>Bettw\u00e4sche:<\/strong> 70 \u20ac f\u00fcr 3\/4 Personen, 35 \u20ac f\u00fcr 1\/2 Personen.<\/p>\n<p><strong>Endreinigung:<\/strong> Das Studio muss sauber hinterlassen werden oder Endreinigungsgeb\u00fchr von 50 \u20ac.<\/p>\n<p><strong>Haustiere:<\/strong> Erlaubt mit Sup von 15 \u20ac pro Tag \/ pro Tier \/ auf Anfrage<\/p>\n<p><strong>Babybett:<\/strong> Auf Anfrage<\/p>\n<p><strong>Kurtaxe:<\/strong> 1,65 \u20ac pro Person und Tag<\/p>\n<h4><strong>Reklamationen und Mediation<\/strong><\/h4>\n<p>Beschwerden sind an folgende Adresse zu richten<\/p>\n<ul>\n<li>Per E-Mail: <a style=\"color: #000; text-decoration: underline;\" href=\"https:\/\/takladia-omigna.com\/de\/kontakt\/\">Kontaktformular<\/a><\/li>\n<li>Per Post: Hotel Residence TA KLADIA OMIGNA, Plage du P\u00e9ro, 20130 CARG\u00c8SE<\/li>\n<li>Telefonisch: +33 (0)4 95 26 40 73\n<\/li>\n<\/ul>\n<p>Im Falle einer ungel\u00f6sten Streitigkeit kann sich der Kunde an den Ombudsmann f\u00fcr Tourismus und Reisen (MTV) wenden:<\/p>\n<p>&#8211; Website: www.mtv.travel<br \/>&#8211; Adresse: 17 avenue Carnot, 75017 Paris<\/p>\n\t\t\t\t\t\t\t\t<\/div>\n\t\t\t\t<\/div>\n\t\t\t\t\t<\/div>\n\t\t\t\t<\/div>\n\t\t<div class=\"elementor-element elementor-element-35acab7 e-flex e-con-boxed e-con e-parent\" data-id=\"35acab7\" data-element_type=\"container\" data-e-type=\"container\">\n\t\t\t\t\t<div class=\"e-con-inner\">\n\t\t\t\t\t<\/div>\n\t\t\t\t<\/div>\n\t\t\t\t<\/div>\n\t\t","protected":false},"excerpt":{"rendered":"<p>Allgemeine Gesch\u00e4ftsbedingungen Hotel Residence in Carg\u00e8se, S\u00fcdkorsika Die vorliegenden AGB gelten f\u00fcr alle Buchungen, die beim Hotel Residence TA KLADIA OMIGNA vorgenommen werden. JedeBuchung setzt die vorbehaltlose Annahme der AGB voraus. Eine Buchung gilt erst dann als best\u00e4tigt und garantiert, wenn die Anzahlung eingegangen ist und best\u00e4tigt wurde. Anzahlung: 30% werden f\u00fcr den gesamten Aufenthalt [&hellip;]<\/p>\n","protected":false},"author":2,"featured_media":0,"parent":0,"menu_order":0,"comment_status":"closed","ping_status":"closed","template":"","meta":{"_acf_changed":false,"inline_featured_image":false,"footnotes":""},"class_list":["post-3332","page","type-page","status-publish","hentry"],"acf":[],"yoast_head":"<!-- This site is optimized with the Yoast SEO plugin v27.3 - https:\/\/yoast.com\/product\/yoast-seo-wordpress\/ -->\n<title>Allgemeine Gesch\u00e4ftsbedingungen | H\u00f4tel R\u00e9sidence Takladia Omigna<\/title>\n<meta name=\"robots\" content=\"index, follow, max-snippet:-1, max-image-preview:large, max-video-preview:-1\" \/>\n<link rel=\"canonical\" href=\"https:\/\/takladia-omigna.com\/de\/allgemeine-geschaeftsbedingungen\/\" \/>\n<meta property=\"og:locale\" content=\"de_DE\" \/>\n<meta property=\"og:type\" content=\"article\" \/>\n<meta property=\"og:title\" content=\"Allgemeine Gesch\u00e4ftsbedingungen | H\u00f4tel R\u00e9sidence Takladia Omigna\" \/>\n<meta property=\"og:description\" content=\"Allgemeine Gesch\u00e4ftsbedingungen Hotel Residence in Carg\u00e8se, S\u00fcdkorsika Die vorliegenden AGB gelten f\u00fcr alle Buchungen, die beim Hotel Residence TA KLADIA OMIGNA vorgenommen werden. JedeBuchung setzt die vorbehaltlose Annahme der AGB voraus. Eine Buchung gilt erst dann als best\u00e4tigt und garantiert, wenn die Anzahlung eingegangen ist und best\u00e4tigt wurde. Anzahlung: 30% werden f\u00fcr den gesamten Aufenthalt [&hellip;]\" \/>\n<meta property=\"og:url\" content=\"https:\/\/takladia-omigna.com\/de\/allgemeine-geschaeftsbedingungen\/\" \/>\n<meta property=\"og:site_name\" content=\"H\u00f4tel R\u00e9sidence Takladia Omigna\" \/>\n<meta property=\"article:publisher\" content=\"https:\/\/www.facebook.com\/TaKladia.Omigna.Cargese\/\" \/>\n<meta property=\"article:modified_time\" content=\"2024-12-30T08:25:05+00:00\" \/>\n<meta property=\"og:image\" content=\"https:\/\/takladia-omigna.com\/wp-content\/uploads\/2024\/11\/location-appartement-corse.webp\" \/>\n\t<meta property=\"og:image:width\" content=\"2000\" \/>\n\t<meta property=\"og:image:height\" content=\"1500\" \/>\n\t<meta property=\"og:image:type\" content=\"image\/webp\" \/>\n<meta name=\"twitter:card\" content=\"summary_large_image\" \/>\n<meta name=\"twitter:label1\" content=\"Gesch\u00e4tzte Lesezeit\" \/>\n\t<meta name=\"twitter:data1\" content=\"1\u00a0Minute\" \/>\n<script type=\"application\/ld+json\" class=\"yoast-schema-graph\">{\"@context\":\"https:\\\/\\\/schema.org\",\"@graph\":[{\"@type\":\"WebPage\",\"@id\":\"https:\\\/\\\/takladia-omigna.com\\\/de\\\/allgemeine-geschaeftsbedingungen\\\/\",\"url\":\"https:\\\/\\\/takladia-omigna.com\\\/de\\\/allgemeine-geschaeftsbedingungen\\\/\",\"name\":\"Allgemeine Gesch\u00e4ftsbedingungen | H\u00f4tel R\u00e9sidence Takladia Omigna\",\"isPartOf\":{\"@id\":\"https:\\\/\\\/takladia-omigna.com\\\/de\\\/#website\"},\"primaryImageOfPage\":{\"@id\":\"https:\\\/\\\/takladia-omigna.com\\\/de\\\/allgemeine-geschaeftsbedingungen\\\/#primaryimage\"},\"image\":{\"@id\":\"https:\\\/\\\/takladia-omigna.com\\\/de\\\/allgemeine-geschaeftsbedingungen\\\/#primaryimage\"},\"thumbnailUrl\":\"https:\\\/\\\/takladia-omigna.com\\\/wp-content\\\/uploads\\\/2024\\\/11\\\/logo_Takladia-Omigna_White.svg\",\"datePublished\":\"2024-11-29T15:24:49+00:00\",\"dateModified\":\"2024-12-30T08:25:05+00:00\",\"breadcrumb\":{\"@id\":\"https:\\\/\\\/takladia-omigna.com\\\/de\\\/allgemeine-geschaeftsbedingungen\\\/#breadcrumb\"},\"inLanguage\":\"de\",\"potentialAction\":[{\"@type\":\"ReadAction\",\"target\":[\"https:\\\/\\\/takladia-omigna.com\\\/de\\\/allgemeine-geschaeftsbedingungen\\\/\"]}]},{\"@type\":\"ImageObject\",\"inLanguage\":\"de\",\"@id\":\"https:\\\/\\\/takladia-omigna.com\\\/de\\\/allgemeine-geschaeftsbedingungen\\\/#primaryimage\",\"url\":\"https:\\\/\\\/takladia-omigna.com\\\/wp-content\\\/uploads\\\/2024\\\/11\\\/logo_Takladia-Omigna_White.svg\",\"contentUrl\":\"https:\\\/\\\/takladia-omigna.com\\\/wp-content\\\/uploads\\\/2024\\\/11\\\/logo_Takladia-Omigna_White.svg\"},{\"@type\":\"BreadcrumbList\",\"@id\":\"https:\\\/\\\/takladia-omigna.com\\\/de\\\/allgemeine-geschaeftsbedingungen\\\/#breadcrumb\",\"itemListElement\":[{\"@type\":\"ListItem\",\"position\":1,\"name\":\"Accueil\",\"item\":\"https:\\\/\\\/takladia-omigna.com\\\/de\\\/\"},{\"@type\":\"ListItem\",\"position\":2,\"name\":\"Allgemeine Gesch\u00e4ftsbedingungen\"}]},{\"@type\":\"WebSite\",\"@id\":\"https:\\\/\\\/takladia-omigna.com\\\/de\\\/#website\",\"url\":\"https:\\\/\\\/takladia-omigna.com\\\/de\\\/\",\"name\":\"H\u00f4tel R\u00e9sidence Takladia Omigna\",\"description\":\"Locations de vacances \u00e0 Carg\u00e8se - Corse\",\"publisher\":{\"@id\":\"https:\\\/\\\/takladia-omigna.com\\\/de\\\/#organization\"},\"alternateName\":\"Takladia Omigna\",\"potentialAction\":[{\"@type\":\"SearchAction\",\"target\":{\"@type\":\"EntryPoint\",\"urlTemplate\":\"https:\\\/\\\/takladia-omigna.com\\\/de\\\/?s={search_term_string}\"},\"query-input\":{\"@type\":\"PropertyValueSpecification\",\"valueRequired\":true,\"valueName\":\"search_term_string\"}}],\"inLanguage\":\"de\"},{\"@type\":\"Organization\",\"@id\":\"https:\\\/\\\/takladia-omigna.com\\\/de\\\/#organization\",\"name\":\"Takladia Omigna\",\"url\":\"https:\\\/\\\/takladia-omigna.com\\\/de\\\/\",\"logo\":{\"@type\":\"ImageObject\",\"inLanguage\":\"de\",\"@id\":\"https:\\\/\\\/takladia-omigna.com\\\/de\\\/#\\\/schema\\\/logo\\\/image\\\/\",\"url\":\"https:\\\/\\\/takladia-omigna.com\\\/wp-content\\\/uploads\\\/2024\\\/11\\\/logo_Takladia-Omigna_RVB.svg\",\"contentUrl\":\"https:\\\/\\\/takladia-omigna.com\\\/wp-content\\\/uploads\\\/2024\\\/11\\\/logo_Takladia-Omigna_RVB.svg\",\"width\":194,\"height\":251,\"caption\":\"Takladia Omigna\"},\"image\":{\"@id\":\"https:\\\/\\\/takladia-omigna.com\\\/de\\\/#\\\/schema\\\/logo\\\/image\\\/\"},\"sameAs\":[\"https:\\\/\\\/www.facebook.com\\\/TaKladia.Omigna.Cargese\\\/\",\"https:\\\/\\\/www.instagram.com\\\/takladia_omigna_cargese\\\/\"]}]}<\/script>\n<!-- \/ Yoast SEO plugin. -->","yoast_head_json":{"title":"Allgemeine Gesch\u00e4ftsbedingungen | H\u00f4tel R\u00e9sidence Takladia Omigna","robots":{"index":"index","follow":"follow","max-snippet":"max-snippet:-1","max-image-preview":"max-image-preview:large","max-video-preview":"max-video-preview:-1"},"canonical":"https:\/\/takladia-omigna.com\/de\/allgemeine-geschaeftsbedingungen\/","og_locale":"de_DE","og_type":"article","og_title":"Allgemeine Gesch\u00e4ftsbedingungen | H\u00f4tel R\u00e9sidence Takladia Omigna","og_description":"Allgemeine Gesch\u00e4ftsbedingungen Hotel Residence in Carg\u00e8se, S\u00fcdkorsika Die vorliegenden AGB gelten f\u00fcr alle Buchungen, die beim Hotel Residence TA KLADIA OMIGNA vorgenommen werden. JedeBuchung setzt die vorbehaltlose Annahme der AGB voraus. Eine Buchung gilt erst dann als best\u00e4tigt und garantiert, wenn die Anzahlung eingegangen ist und best\u00e4tigt wurde. Anzahlung: 30% werden f\u00fcr den gesamten Aufenthalt [&hellip;]","og_url":"https:\/\/takladia-omigna.com\/de\/allgemeine-geschaeftsbedingungen\/","og_site_name":"H\u00f4tel R\u00e9sidence Takladia Omigna","article_publisher":"https:\/\/www.facebook.com\/TaKladia.Omigna.Cargese\/","article_modified_time":"2024-12-30T08:25:05+00:00","og_image":[{"width":2000,"height":1500,"url":"https:\/\/takladia-omigna.com\/wp-content\/uploads\/2024\/11\/location-appartement-corse.webp","type":"image\/webp"}],"twitter_card":"summary_large_image","twitter_misc":{"Gesch\u00e4tzte Lesezeit":"1\u00a0Minute"},"schema":{"@context":"https:\/\/schema.org","@graph":[{"@type":"WebPage","@id":"https:\/\/takladia-omigna.com\/de\/allgemeine-geschaeftsbedingungen\/","url":"https:\/\/takladia-omigna.com\/de\/allgemeine-geschaeftsbedingungen\/","name":"Allgemeine Gesch\u00e4ftsbedingungen | H\u00f4tel R\u00e9sidence Takladia Omigna","isPartOf":{"@id":"https:\/\/takladia-omigna.com\/de\/#website"},"primaryImageOfPage":{"@id":"https:\/\/takladia-omigna.com\/de\/allgemeine-geschaeftsbedingungen\/#primaryimage"},"image":{"@id":"https:\/\/takladia-omigna.com\/de\/allgemeine-geschaeftsbedingungen\/#primaryimage"},"thumbnailUrl":"https:\/\/takladia-omigna.com\/wp-content\/uploads\/2024\/11\/logo_Takladia-Omigna_White.svg","datePublished":"2024-11-29T15:24:49+00:00","dateModified":"2024-12-30T08:25:05+00:00","breadcrumb":{"@id":"https:\/\/takladia-omigna.com\/de\/allgemeine-geschaeftsbedingungen\/#breadcrumb"},"inLanguage":"de","potentialAction":[{"@type":"ReadAction","target":["https:\/\/takladia-omigna.com\/de\/allgemeine-geschaeftsbedingungen\/"]}]},{"@type":"ImageObject","inLanguage":"de","@id":"https:\/\/takladia-omigna.com\/de\/allgemeine-geschaeftsbedingungen\/#primaryimage","url":"https:\/\/takladia-omigna.com\/wp-content\/uploads\/2024\/11\/logo_Takladia-Omigna_White.svg","contentUrl":"https:\/\/takladia-omigna.com\/wp-content\/uploads\/2024\/11\/logo_Takladia-Omigna_White.svg"},{"@type":"BreadcrumbList","@id":"https:\/\/takladia-omigna.com\/de\/allgemeine-geschaeftsbedingungen\/#breadcrumb","itemListElement":[{"@type":"ListItem","position":1,"name":"Accueil","item":"https:\/\/takladia-omigna.com\/de\/"},{"@type":"ListItem","position":2,"name":"Allgemeine Gesch\u00e4ftsbedingungen"}]},{"@type":"WebSite","@id":"https:\/\/takladia-omigna.com\/de\/#website","url":"https:\/\/takladia-omigna.com\/de\/","name":"H\u00f4tel R\u00e9sidence Takladia Omigna","description":"Locations de vacances \u00e0 Carg\u00e8se - Corse","publisher":{"@id":"https:\/\/takladia-omigna.com\/de\/#organization"},"alternateName":"Takladia Omigna","potentialAction":[{"@type":"SearchAction","target":{"@type":"EntryPoint","urlTemplate":"https:\/\/takladia-omigna.com\/de\/?s={search_term_string}"},"query-input":{"@type":"PropertyValueSpecification","valueRequired":true,"valueName":"search_term_string"}}],"inLanguage":"de"},{"@type":"Organization","@id":"https:\/\/takladia-omigna.com\/de\/#organization","name":"Takladia Omigna","url":"https:\/\/takladia-omigna.com\/de\/","logo":{"@type":"ImageObject","inLanguage":"de","@id":"https:\/\/takladia-omigna.com\/de\/#\/schema\/logo\/image\/","url":"https:\/\/takladia-omigna.com\/wp-content\/uploads\/2024\/11\/logo_Takladia-Omigna_RVB.svg","contentUrl":"https:\/\/takladia-omigna.com\/wp-content\/uploads\/2024\/11\/logo_Takladia-Omigna_RVB.svg","width":194,"height":251,"caption":"Takladia Omigna"},"image":{"@id":"https:\/\/takladia-omigna.com\/de\/#\/schema\/logo\/image\/"},"sameAs":["https:\/\/www.facebook.com\/TaKladia.Omigna.Cargese\/","https:\/\/www.instagram.com\/takladia_omigna_cargese\/"]}]}},"_links":{"self":[{"href":"https:\/\/takladia-omigna.com\/de\/wp-json\/wp\/v2\/pages\/3332","targetHints":{"allow":["GET"]}}],"collection":[{"href":"https:\/\/takladia-omigna.com\/de\/wp-json\/wp\/v2\/pages"}],"about":[{"href":"https:\/\/takladia-omigna.com\/de\/wp-json\/wp\/v2\/types\/page"}],"author":[{"embeddable":true,"href":"https:\/\/takladia-omigna.com\/de\/wp-json\/wp\/v2\/users\/2"}],"replies":[{"embeddable":true,"href":"https:\/\/takladia-omigna.com\/de\/wp-json\/wp\/v2\/comments?post=3332"}],"version-history":[{"count":1,"href":"https:\/\/takladia-omigna.com\/de\/wp-json\/wp\/v2\/pages\/3332\/revisions"}],"predecessor-version":[{"id":3341,"href":"https:\/\/takladia-omigna.com\/de\/wp-json\/wp\/v2\/pages\/3332\/revisions\/3341"}],"wp:attachment":[{"href":"https:\/\/takladia-omigna.com\/de\/wp-json\/wp\/v2\/media?parent=3332"}],"curies":[{"name":"wp","href":"https:\/\/api.w.org\/{rel}","templated":true}]}}