{"id":2769,"date":"2024-11-28T18:07:08","date_gmt":"2024-11-28T17:07:08","guid":{"rendered":"https:\/\/takladia.studiowmi.com\/terms-of-use\/"},"modified":"2025-01-23T11:46:27","modified_gmt":"2025-01-23T10:46:27","slug":"terms-of-use","status":"publish","type":"page","link":"https:\/\/takladia-omigna.com\/en\/terms-of-use\/","title":{"rendered":"Terms of use"},"content":{"rendered":"\t\t<div data-elementor-type=\"wp-page\" data-elementor-id=\"2769\" class=\"elementor elementor-2769 elementor-1019\" data-elementor-post-type=\"page\">\n\t\t\t\t<div class=\"elementor-element elementor-element-ca7d5b9 e-flex e-con-boxed e-con e-parent\" data-id=\"ca7d5b9\" data-element_type=\"container\" data-e-type=\"container\" data-settings=\"{&quot;background_background&quot;:&quot;classic&quot;}\">\n\t\t\t\t\t<div class=\"e-con-inner\">\n\t\t\t\t<div class=\"elementor-element elementor-element-69c9fbf elementor-widget elementor-widget-image\" data-id=\"69c9fbf\" data-element_type=\"widget\" data-e-type=\"widget\" data-widget_type=\"image.default\">\n\t\t\t\t<div class=\"elementor-widget-container\">\n\t\t\t\t\t\t\t\t\t\t\t\t<figure class=\"wp-caption\">\n\t\t\t\t\t\t\t\t\t\t\t<a href=\"https:\/\/takladia-omigna.com\/en\/\">\n\t\t\t\t\t\t\t<img fetchpriority=\"high\" decoding=\"async\" width=\"800\" height=\"1016\" src=\"https:\/\/takladia-omigna.com\/wp-content\/uploads\/2024\/11\/logo_Takladia-Omigna_White.svg\" class=\"attachment-large size-large wp-image-2683\" alt=\"\" \/>\t\t\t\t\t\t\t\t<\/a>\n\t\t\t\t\t\t\t\t\t\t\t<figcaption class=\"widget-image-caption wp-caption-text\"><\/figcaption>\n\t\t\t\t\t\t\t\t\t\t<\/figure>\n\t\t\t\t\t\t\t\t\t<\/div>\n\t\t\t\t<\/div>\n\t\t\t\t\t<\/div>\n\t\t\t\t<\/div>\n\t\t<div class=\"elementor-element elementor-element-8dc5113 e-flex e-con-boxed e-con e-parent\" data-id=\"8dc5113\" data-element_type=\"container\" data-e-type=\"container\">\n\t\t\t\t\t<div class=\"e-con-inner\">\n\t\t\t\t<div class=\"elementor-element elementor-element-1bb0915 elementor-widget elementor-widget-heading\" data-id=\"1bb0915\" data-element_type=\"widget\" data-e-type=\"widget\" data-widget_type=\"heading.default\">\n\t\t\t\t<div class=\"elementor-widget-container\">\n\t\t\t\t\t<h1 class=\"elementor-heading-title elementor-size-default\">Terms of use<\/h1>\t\t\t\t<\/div>\n\t\t\t\t<\/div>\n\t\t\t\t\t<\/div>\n\t\t\t\t<\/div>\n\t\t<div class=\"elementor-element elementor-element-4f715e3 e-flex e-con-boxed e-con e-parent\" data-id=\"4f715e3\" data-element_type=\"container\" data-e-type=\"container\">\n\t\t\t\t\t<div class=\"e-con-inner\">\n\t\t<div class=\"elementor-element elementor-element-c1321db e-con-full e-flex e-con e-child\" data-id=\"c1321db\" data-element_type=\"container\" data-e-type=\"container\">\n\t\t\t\t<div class=\"elementor-element elementor-element-7b530b7 elementor-widget elementor-widget-text-editor\" data-id=\"7b530b7\" data-element_type=\"widget\" data-e-type=\"widget\" data-widget_type=\"text-editor.default\">\n\t\t\t\t<div class=\"elementor-widget-container\">\n\t\t\t\t\t\t\t\t\t<p><strong>Site URL: https: <\/strong>\/\/www.takladia-omigna.com\/<\/p>\n<h4>Publishing Director<\/h4>\n<p>Sylvana Pinelli<\/p>\n<h4>Publisher<\/h4>\n<p>SARL D&#8217;OMIGNA<\/p>\n<p>SIRET : 30269820400013<br \/>VAT number : FR24302698204<\/p>\n<h4>Hosting<\/h4>\n<p>OVH SAS 2 rue Kellermann &#8211; 59100 Roubaix &#8211; France<\/p>\n<h4>Site creator<\/h4>\n<p><a style=\"color: #2b2b2b;\" href=\"https:\/\/www.studiowmi.com\" target=\"_blank\" rel=\"noopener\">STUDIO WMI<\/a><\/p>\n<h4>Photos<\/h4>\n<p><a style=\"color: #2b2b2b;\" href=\"https:\/\/www.instagram.com\/sylvain_alessandri\/\" target=\"_blank\" rel=\"noopener\">Sylvain Alessandri<\/a><\/p>\n\t\t\t\t\t\t\t\t<\/div>\n\t\t\t\t<\/div>\n\t\t\t\t<\/div>\n\t\t<div class=\"elementor-element elementor-element-5653930 e-con-full e-flex e-con e-child\" data-id=\"5653930\" data-element_type=\"container\" data-e-type=\"container\">\n\t\t\t\t<div class=\"elementor-element elementor-element-0e53403 elementor-widget elementor-widget-text-editor\" data-id=\"0e53403\" data-element_type=\"widget\" data-e-type=\"widget\" data-widget_type=\"text-editor.default\">\n\t\t\t\t<div class=\"elementor-widget-container\">\n\t\t\t\t\t\t\t\t\t<div class=\"elementor-element elementor-element-014d8b1 e-con-full e-flex e-con e-child\" data-id=\"014d8b1\" data-element_type=\"container\">\n<div class=\"elementor-element elementor-element-c866169 elementor-widget elementor-widget-text-editor\" data-id=\"c866169\" data-element_type=\"widget\" data-widget_type=\"text-editor.default\">\n<div class=\"elementor-widget-container\">\n<h4>Copyright<\/h4>\n<p>The TA KLADIA OMIGNA website and each of its elements are the exclusive property of TA KLADIA OMIGNA. Any reproduction or representation, in whole or in part, of this website or of any of its components is prohibited without prior authorization from TA KLADIA OMIGNA. The domain names of the TA KLADIA OMIGNA website are the exclusive property of TAKLADIA OMIGNA. Any reproduction or use of these domain names in any manner or for any purpose whatsoever is prohibited.   <\/p>\n<p>A hyperlink to the TA KLADIA OMIGNA website may only be set up with the prior written authorization of TA KLADIA OMIGNA. Furthermore, TA KLADIA OMIGNA declines all responsibility for the content of sites that may be linked to the TA KLADIA OMIGNA website. <\/p>\n<\/div>\n<\/div>\n<\/div>\n\t\t\t\t\t\t\t\t<\/div>\n\t\t\t\t<\/div>\n\t\t\t\t<\/div>\n\t\t\t\t\t<\/div>\n\t\t\t\t<\/div>\n\t\t\t\t<\/div>\n\t\t","protected":false},"excerpt":{"rendered":"<p>Site URL: https: \/\/www.takladia-omigna.com\/ Publishing Director Sylvana Pinelli Publisher SARL D&#8217;OMIGNA SIRET : 30269820400013VAT number : FR24302698204 Hosting OVH SAS 2 rue Kellermann &#8211; 59100 Roubaix &#8211; France Site creator STUDIO WMI Photos Sylvain Alessandri Copyright The TA KLADIA OMIGNA website and each of its elements are the exclusive property of TA KLADIA OMIGNA. Any [&hellip;]<\/p>\n","protected":false},"author":2,"featured_media":0,"parent":0,"menu_order":0,"comment_status":"closed","ping_status":"closed","template":"elementor_header_footer","meta":{"_acf_changed":false,"inline_featured_image":false,"footnotes":""},"class_list":["post-2769","page","type-page","status-publish","hentry"],"acf":[],"yoast_head":"<!-- This site is optimized with the Yoast SEO plugin v27.3 - https:\/\/yoast.com\/product\/yoast-seo-wordpress\/ -->\n<title>Terms of use | H\u00f4tel R\u00e9sidence Takladia Omigna<\/title>\n<meta name=\"description\" content=\"Contact details and legal information.\" \/>\n<meta name=\"robots\" content=\"index, follow, max-snippet:-1, max-image-preview:large, max-video-preview:-1\" \/>\n<link rel=\"canonical\" href=\"https:\/\/takladia-omigna.com\/en\/terms-of-use\/\" \/>\n<meta property=\"og:locale\" content=\"en_US\" \/>\n<meta property=\"og:type\" content=\"article\" \/>\n<meta property=\"og:title\" content=\"Terms of use | H\u00f4tel R\u00e9sidence Takladia Omigna\" \/>\n<meta property=\"og:description\" content=\"Contact details and legal information.\" \/>\n<meta property=\"og:url\" content=\"https:\/\/takladia-omigna.com\/en\/terms-of-use\/\" \/>\n<meta property=\"og:site_name\" content=\"H\u00f4tel R\u00e9sidence Takladia Omigna\" \/>\n<meta property=\"article:publisher\" content=\"https:\/\/www.facebook.com\/TaKladia.Omigna.Cargese\/\" \/>\n<meta property=\"article:modified_time\" content=\"2025-01-23T10:46:27+00:00\" \/>\n<meta property=\"og:image\" content=\"https:\/\/takladia-omigna.com\/wp-content\/uploads\/2024\/11\/location-appartement-corse.webp\" \/>\n\t<meta property=\"og:image:width\" content=\"2000\" \/>\n\t<meta property=\"og:image:height\" content=\"1500\" \/>\n\t<meta property=\"og:image:type\" content=\"image\/webp\" \/>\n<meta name=\"twitter:card\" content=\"summary_large_image\" \/>\n<meta name=\"twitter:label1\" content=\"Est. reading time\" \/>\n\t<meta name=\"twitter:data1\" content=\"1 minute\" \/>\n<script type=\"application\/ld+json\" class=\"yoast-schema-graph\">{\"@context\":\"https:\\\/\\\/schema.org\",\"@graph\":[{\"@type\":\"WebPage\",\"@id\":\"https:\\\/\\\/takladia-omigna.com\\\/en\\\/terms-of-use\\\/\",\"url\":\"https:\\\/\\\/takladia-omigna.com\\\/en\\\/terms-of-use\\\/\",\"name\":\"Terms of use | H\u00f4tel R\u00e9sidence Takladia Omigna\",\"isPartOf\":{\"@id\":\"https:\\\/\\\/takladia-omigna.com\\\/en\\\/#website\"},\"primaryImageOfPage\":{\"@id\":\"https:\\\/\\\/takladia-omigna.com\\\/en\\\/terms-of-use\\\/#primaryimage\"},\"image\":{\"@id\":\"https:\\\/\\\/takladia-omigna.com\\\/en\\\/terms-of-use\\\/#primaryimage\"},\"thumbnailUrl\":\"https:\\\/\\\/takladia-omigna.com\\\/wp-content\\\/uploads\\\/2024\\\/11\\\/logo_Takladia-Omigna_White.svg\",\"datePublished\":\"2024-11-28T17:07:08+00:00\",\"dateModified\":\"2025-01-23T10:46:27+00:00\",\"description\":\"Contact details and legal information.\",\"breadcrumb\":{\"@id\":\"https:\\\/\\\/takladia-omigna.com\\\/en\\\/terms-of-use\\\/#breadcrumb\"},\"inLanguage\":\"en-US\",\"potentialAction\":[{\"@type\":\"ReadAction\",\"target\":[\"https:\\\/\\\/takladia-omigna.com\\\/en\\\/terms-of-use\\\/\"]}]},{\"@type\":\"ImageObject\",\"inLanguage\":\"en-US\",\"@id\":\"https:\\\/\\\/takladia-omigna.com\\\/en\\\/terms-of-use\\\/#primaryimage\",\"url\":\"https:\\\/\\\/takladia-omigna.com\\\/wp-content\\\/uploads\\\/2024\\\/11\\\/logo_Takladia-Omigna_White.svg\",\"contentUrl\":\"https:\\\/\\\/takladia-omigna.com\\\/wp-content\\\/uploads\\\/2024\\\/11\\\/logo_Takladia-Omigna_White.svg\"},{\"@type\":\"BreadcrumbList\",\"@id\":\"https:\\\/\\\/takladia-omigna.com\\\/en\\\/terms-of-use\\\/#breadcrumb\",\"itemListElement\":[{\"@type\":\"ListItem\",\"position\":1,\"name\":\"Accueil\",\"item\":\"https:\\\/\\\/takladia-omigna.com\\\/en\\\/\"},{\"@type\":\"ListItem\",\"position\":2,\"name\":\"Terms of use\"}]},{\"@type\":\"WebSite\",\"@id\":\"https:\\\/\\\/takladia-omigna.com\\\/en\\\/#website\",\"url\":\"https:\\\/\\\/takladia-omigna.com\\\/en\\\/\",\"name\":\"H\u00f4tel R\u00e9sidence Takladia Omigna\",\"description\":\"Locations de vacances \u00e0 Carg\u00e8se - Corse\",\"publisher\":{\"@id\":\"https:\\\/\\\/takladia-omigna.com\\\/en\\\/#organization\"},\"alternateName\":\"Takladia Omigna\",\"potentialAction\":[{\"@type\":\"SearchAction\",\"target\":{\"@type\":\"EntryPoint\",\"urlTemplate\":\"https:\\\/\\\/takladia-omigna.com\\\/en\\\/?s={search_term_string}\"},\"query-input\":{\"@type\":\"PropertyValueSpecification\",\"valueRequired\":true,\"valueName\":\"search_term_string\"}}],\"inLanguage\":\"en-US\"},{\"@type\":\"Organization\",\"@id\":\"https:\\\/\\\/takladia-omigna.com\\\/en\\\/#organization\",\"name\":\"Takladia Omigna\",\"url\":\"https:\\\/\\\/takladia-omigna.com\\\/en\\\/\",\"logo\":{\"@type\":\"ImageObject\",\"inLanguage\":\"en-US\",\"@id\":\"https:\\\/\\\/takladia-omigna.com\\\/en\\\/#\\\/schema\\\/logo\\\/image\\\/\",\"url\":\"https:\\\/\\\/takladia-omigna.com\\\/wp-content\\\/uploads\\\/2024\\\/11\\\/logo_Takladia-Omigna_RVB.svg\",\"contentUrl\":\"https:\\\/\\\/takladia-omigna.com\\\/wp-content\\\/uploads\\\/2024\\\/11\\\/logo_Takladia-Omigna_RVB.svg\",\"width\":194,\"height\":251,\"caption\":\"Takladia Omigna\"},\"image\":{\"@id\":\"https:\\\/\\\/takladia-omigna.com\\\/en\\\/#\\\/schema\\\/logo\\\/image\\\/\"},\"sameAs\":[\"https:\\\/\\\/www.facebook.com\\\/TaKladia.Omigna.Cargese\\\/\",\"https:\\\/\\\/www.instagram.com\\\/takladia_omigna_cargese\\\/\"]}]}<\/script>\n<!-- \/ Yoast SEO plugin. -->","yoast_head_json":{"title":"Terms of use | H\u00f4tel R\u00e9sidence Takladia Omigna","description":"Contact details and legal information.","robots":{"index":"index","follow":"follow","max-snippet":"max-snippet:-1","max-image-preview":"max-image-preview:large","max-video-preview":"max-video-preview:-1"},"canonical":"https:\/\/takladia-omigna.com\/en\/terms-of-use\/","og_locale":"en_US","og_type":"article","og_title":"Terms of use | H\u00f4tel R\u00e9sidence Takladia Omigna","og_description":"Contact details and legal information.","og_url":"https:\/\/takladia-omigna.com\/en\/terms-of-use\/","og_site_name":"H\u00f4tel R\u00e9sidence Takladia Omigna","article_publisher":"https:\/\/www.facebook.com\/TaKladia.Omigna.Cargese\/","article_modified_time":"2025-01-23T10:46:27+00:00","og_image":[{"width":2000,"height":1500,"url":"https:\/\/takladia-omigna.com\/wp-content\/uploads\/2024\/11\/location-appartement-corse.webp","type":"image\/webp"}],"twitter_card":"summary_large_image","twitter_misc":{"Est. reading time":"1 minute"},"schema":{"@context":"https:\/\/schema.org","@graph":[{"@type":"WebPage","@id":"https:\/\/takladia-omigna.com\/en\/terms-of-use\/","url":"https:\/\/takladia-omigna.com\/en\/terms-of-use\/","name":"Terms of use | H\u00f4tel R\u00e9sidence Takladia Omigna","isPartOf":{"@id":"https:\/\/takladia-omigna.com\/en\/#website"},"primaryImageOfPage":{"@id":"https:\/\/takladia-omigna.com\/en\/terms-of-use\/#primaryimage"},"image":{"@id":"https:\/\/takladia-omigna.com\/en\/terms-of-use\/#primaryimage"},"thumbnailUrl":"https:\/\/takladia-omigna.com\/wp-content\/uploads\/2024\/11\/logo_Takladia-Omigna_White.svg","datePublished":"2024-11-28T17:07:08+00:00","dateModified":"2025-01-23T10:46:27+00:00","description":"Contact details and legal information.","breadcrumb":{"@id":"https:\/\/takladia-omigna.com\/en\/terms-of-use\/#breadcrumb"},"inLanguage":"en-US","potentialAction":[{"@type":"ReadAction","target":["https:\/\/takladia-omigna.com\/en\/terms-of-use\/"]}]},{"@type":"ImageObject","inLanguage":"en-US","@id":"https:\/\/takladia-omigna.com\/en\/terms-of-use\/#primaryimage","url":"https:\/\/takladia-omigna.com\/wp-content\/uploads\/2024\/11\/logo_Takladia-Omigna_White.svg","contentUrl":"https:\/\/takladia-omigna.com\/wp-content\/uploads\/2024\/11\/logo_Takladia-Omigna_White.svg"},{"@type":"BreadcrumbList","@id":"https:\/\/takladia-omigna.com\/en\/terms-of-use\/#breadcrumb","itemListElement":[{"@type":"ListItem","position":1,"name":"Accueil","item":"https:\/\/takladia-omigna.com\/en\/"},{"@type":"ListItem","position":2,"name":"Terms of use"}]},{"@type":"WebSite","@id":"https:\/\/takladia-omigna.com\/en\/#website","url":"https:\/\/takladia-omigna.com\/en\/","name":"H\u00f4tel R\u00e9sidence Takladia Omigna","description":"Locations de vacances \u00e0 Carg\u00e8se - Corse","publisher":{"@id":"https:\/\/takladia-omigna.com\/en\/#organization"},"alternateName":"Takladia Omigna","potentialAction":[{"@type":"SearchAction","target":{"@type":"EntryPoint","urlTemplate":"https:\/\/takladia-omigna.com\/en\/?s={search_term_string}"},"query-input":{"@type":"PropertyValueSpecification","valueRequired":true,"valueName":"search_term_string"}}],"inLanguage":"en-US"},{"@type":"Organization","@id":"https:\/\/takladia-omigna.com\/en\/#organization","name":"Takladia Omigna","url":"https:\/\/takladia-omigna.com\/en\/","logo":{"@type":"ImageObject","inLanguage":"en-US","@id":"https:\/\/takladia-omigna.com\/en\/#\/schema\/logo\/image\/","url":"https:\/\/takladia-omigna.com\/wp-content\/uploads\/2024\/11\/logo_Takladia-Omigna_RVB.svg","contentUrl":"https:\/\/takladia-omigna.com\/wp-content\/uploads\/2024\/11\/logo_Takladia-Omigna_RVB.svg","width":194,"height":251,"caption":"Takladia Omigna"},"image":{"@id":"https:\/\/takladia-omigna.com\/en\/#\/schema\/logo\/image\/"},"sameAs":["https:\/\/www.facebook.com\/TaKladia.Omigna.Cargese\/","https:\/\/www.instagram.com\/takladia_omigna_cargese\/"]}]}},"_links":{"self":[{"href":"https:\/\/takladia-omigna.com\/en\/wp-json\/wp\/v2\/pages\/2769","targetHints":{"allow":["GET"]}}],"collection":[{"href":"https:\/\/takladia-omigna.com\/en\/wp-json\/wp\/v2\/pages"}],"about":[{"href":"https:\/\/takladia-omigna.com\/en\/wp-json\/wp\/v2\/types\/page"}],"author":[{"embeddable":true,"href":"https:\/\/takladia-omigna.com\/en\/wp-json\/wp\/v2\/users\/2"}],"replies":[{"embeddable":true,"href":"https:\/\/takladia-omigna.com\/en\/wp-json\/wp\/v2\/comments?post=2769"}],"version-history":[{"count":3,"href":"https:\/\/takladia-omigna.com\/en\/wp-json\/wp\/v2\/pages\/2769\/revisions"}],"predecessor-version":[{"id":3468,"href":"https:\/\/takladia-omigna.com\/en\/wp-json\/wp\/v2\/pages\/2769\/revisions\/3468"}],"wp:attachment":[{"href":"https:\/\/takladia-omigna.com\/en\/wp-json\/wp\/v2\/media?parent=2769"}],"curies":[{"name":"wp","href":"https:\/\/api.w.org\/{rel}","templated":true}]}}